{"id":9,"date":"2024-08-08T12:46:51","date_gmt":"2024-08-08T12:46:51","guid":{"rendered":"http:\/\/leandrawildhaber.wordpress.com\/?page_id=1"},"modified":"2026-04-08T07:43:44","modified_gmt":"2026-04-08T07:43:44","slug":"ueber","status":"publish","type":"page","link":"https:\/\/claro-winterthur.ch\/","title":{"rendered":"Home"},"content":{"rendered":"\n<figure class=\"wp-block-image alignfull size-large\"><img loading=\"lazy\" decoding=\"async\" width=\"1024\" height=\"378\" src=\"https:\/\/claro-winterthur.ch\/wp-content\/uploads\/2025\/01\/Banner-1024x378.jpg\" alt=\"\" class=\"wp-image-413\" srcset=\"https:\/\/claro-winterthur.ch\/wp-content\/uploads\/2025\/01\/Banner-1024x378.jpg 1024w, https:\/\/claro-winterthur.ch\/wp-content\/uploads\/2025\/01\/Banner-300x111.jpg 300w, https:\/\/claro-winterthur.ch\/wp-content\/uploads\/2025\/01\/Banner-768x283.jpg 768w, https:\/\/claro-winterthur.ch\/wp-content\/uploads\/2025\/01\/Banner-1536x567.jpg 1536w, https:\/\/claro-winterthur.ch\/wp-content\/uploads\/2025\/01\/Banner.jpg 1876w\" sizes=\"auto, (max-width: 1024px) 100vw, 1024px\" \/><\/figure>\n\n\n<h3 class=\"has-text-align-center wp-block-site-tagline\">Willkommen beim claro fair trade Winterthur. Das fair trade Gesch\u00e4ft in deiner N\u00e4he.<\/h3>\n\n\n<p>Bei claro Winterthur legen wir grossen Wert auf die h\u00f6chsten Qualit\u00e4tsstandards. Unsere Produkte werden sorgf\u00e4ltig ausgew\u00e4hlt und unter strengen Kontrollen hergestellt, um sicherzustellen, dass sie den Erwartungen unserer Kund:innen gerecht werden. Fairness ist das Herzst\u00fcck unserer Unternehmensphilosophie \u2013 wir setzen uns f\u00fcr gerechte Arbeitsbedingungen und eine faire Entlohnung aller Beteiligten entlang unserer Lieferkette ein. Nachhaltigkeit ist f\u00fcr uns nicht nur ein Schlagwort, sondern ein Versprechen. Durch die F\u00f6rderung umweltfreundlicher Praktiken und die Unterst\u00fctzung nachhaltiger Produktionsmethoden tragen wir aktiv zum Schutz unseres Planeten bei. Gemeinsam gestalten wir eine bessere Zukunft \u2013 f\u00fcr Mensch und Natur. Wir stehen f\u00fcr:<\/p>\n\n\n\n<div class=\"wp-block-columns are-vertically-aligned-center is-layout-flex wp-container-core-columns-is-layout-28f84493 wp-block-columns-is-layout-flex\">\n<div class=\"wp-block-column is-vertically-aligned-center is-layout-flow wp-block-column-is-layout-flow\">\n<figure class=\"wp-block-image aligncenter size-large is-resized\"><img loading=\"lazy\" decoding=\"async\" width=\"673\" height=\"1024\" src=\"https:\/\/claro-winterthur.ch\/wp-content\/uploads\/2025\/01\/award-5572089_1280-673x1024.png\" alt=\"\" class=\"wp-image-277\" style=\"width:69px;height:auto\" srcset=\"https:\/\/claro-winterthur.ch\/wp-content\/uploads\/2025\/01\/award-5572089_1280-673x1024.png 673w, https:\/\/claro-winterthur.ch\/wp-content\/uploads\/2025\/01\/award-5572089_1280-197x300.png 197w, https:\/\/claro-winterthur.ch\/wp-content\/uploads\/2025\/01\/award-5572089_1280-768x1169.png 768w, https:\/\/claro-winterthur.ch\/wp-content\/uploads\/2025\/01\/award-5572089_1280.png 841w\" sizes=\"auto, (max-width: 673px) 100vw, 673px\" \/><\/figure>\n\n\n\n<h4 class=\"wp-block-heading has-text-align-center\">Qualit\u00e4t<\/h4>\n<\/div>\n\n\n\n<div class=\"wp-block-column is-vertically-aligned-center is-layout-flow wp-block-column-is-layout-flow\">\n<figure class=\"wp-block-image aligncenter size-large is-resized\"><img loading=\"lazy\" decoding=\"async\" width=\"1024\" height=\"1010\" src=\"https:\/\/claro-winterthur.ch\/wp-content\/uploads\/2025\/01\/abstract-1297926_1280-1024x1010.png\" alt=\"\" class=\"wp-image-278\" style=\"width:120px;height:auto\" srcset=\"https:\/\/claro-winterthur.ch\/wp-content\/uploads\/2025\/01\/abstract-1297926_1280-1024x1010.png 1024w, https:\/\/claro-winterthur.ch\/wp-content\/uploads\/2025\/01\/abstract-1297926_1280-300x296.png 300w, https:\/\/claro-winterthur.ch\/wp-content\/uploads\/2025\/01\/abstract-1297926_1280-768x757.png 768w, https:\/\/claro-winterthur.ch\/wp-content\/uploads\/2025\/01\/abstract-1297926_1280.png 1280w\" sizes=\"auto, (max-width: 1024px) 100vw, 1024px\" \/><\/figure>\n\n\n\n<h4 class=\"wp-block-heading has-text-align-center\">Fairness<\/h4>\n<\/div>\n\n\n\n<div class=\"wp-block-column is-vertically-aligned-center is-layout-flow wp-block-column-is-layout-flow\">\n<figure class=\"wp-block-image aligncenter size-large is-resized\"><img loading=\"lazy\" decoding=\"async\" width=\"1024\" height=\"908\" src=\"https:\/\/claro-winterthur.ch\/wp-content\/uploads\/2025\/01\/oak-309878_1280-1024x908.png\" alt=\"\" class=\"wp-image-279\" style=\"width:130px;height:auto\" srcset=\"https:\/\/claro-winterthur.ch\/wp-content\/uploads\/2025\/01\/oak-309878_1280-1024x908.png 1024w, https:\/\/claro-winterthur.ch\/wp-content\/uploads\/2025\/01\/oak-309878_1280-300x266.png 300w, https:\/\/claro-winterthur.ch\/wp-content\/uploads\/2025\/01\/oak-309878_1280-768x681.png 768w, https:\/\/claro-winterthur.ch\/wp-content\/uploads\/2025\/01\/oak-309878_1280.png 1280w\" sizes=\"auto, (max-width: 1024px) 100vw, 1024px\" \/><\/figure>\n\n\n\n<h4 class=\"wp-block-heading has-text-align-center\">Nachhaltigkeit<\/h4>\n<\/div>\n<\/div>\n\n\n\n<div class=\"wp-block-group alignwide alignfull is-content-justification-center is-layout-constrained wp-container-core-group-is-layout-df757ecc wp-block-group-is-layout-constrained\" style=\"margin-top:0;margin-bottom:0;padding-top:calc( 0.5 * var(--wp--style--root--padding-right, var(--wp--custom--gap--horizontal)));padding-right:var(--wp--style--root--padding-right, var(--wp--custom--gap--horizontal));padding-bottom:calc( 0.5 * var(--wp--style--root--padding-right, var(--wp--custom--gap--horizontal)));padding-left:var(--wp--style--root--padding-left, var(--wp--custom--gap--horizontal))\">\n<div style=\"height:calc( 0.25 * var(--wp--style--root--padding-right, var(--wp--custom--gap--horizontal)))\" aria-hidden=\"true\" class=\"wp-block-spacer\"><\/div>\n<\/div>\n\n\n\n<div class=\"wp-block-cover alignfull is-light\"><span aria-hidden=\"true\" class=\"wp-block-cover__background has-background-dim-100 has-background-dim\" style=\"background-color:#ffffff\"><\/span><div class=\"wp-block-cover__inner-container is-layout-flow wp-block-cover-is-layout-flow\">\n<div class=\"wp-block-media-text alignwide is-stacked-on-mobile is-vertically-aligned-top is-image-fill-element\" style=\"grid-template-columns:48% auto\"><figure class=\"wp-block-media-text__media\"><img loading=\"lazy\" decoding=\"async\" width=\"1024\" height=\"576\" src=\"https:\/\/claro-winterthur.ch\/wp-content\/uploads\/2025\/01\/Bild-Regal-1024x576.jpg\" alt=\"Bild von einem Verkaufsregal mit Fair Trade Produkten von Claro Winterthur\" class=\"wp-image-291 size-full\" style=\"object-position:50% 50%\" srcset=\"https:\/\/claro-winterthur.ch\/wp-content\/uploads\/2025\/01\/Bild-Regal-1024x576.jpg 1024w, https:\/\/claro-winterthur.ch\/wp-content\/uploads\/2025\/01\/Bild-Regal-300x169.jpg 300w, https:\/\/claro-winterthur.ch\/wp-content\/uploads\/2025\/01\/Bild-Regal-768x432.jpg 768w, https:\/\/claro-winterthur.ch\/wp-content\/uploads\/2025\/01\/Bild-Regal-1536x864.jpg 1536w, https:\/\/claro-winterthur.ch\/wp-content\/uploads\/2025\/01\/Bild-Regal-2048x1152.jpg 2048w\" sizes=\"auto, (max-width: 1024px) 100vw, 1024px\" \/><\/figure><div class=\"wp-block-media-text__content\">\n<h2 class=\"wp-block-heading has-text-color\" style=\"color:#000000;font-size:clamp(20px, 1.25rem + ((1vw - 3.2px) * 0.938), 32px);\"><strong>Sortiment<\/strong><\/h2>\n\n\n\n<p class=\"has-text-color\" style=\"color:#000000;font-size:clamp(14px, 0.875rem + ((1vw - 3.2px) * 0.234), 17px);\">Entdecke bei claro Winterthur erlesene Lebensmittel, handgefertigtes Kunsthandwerk, stilvolle Wohnaccessoires und \u00f6kologische Pflegeprodukte. Jedes fair trade Produkt in unseren Regalen erz\u00e4hlt eine Geschichte von Qualit\u00e4t, Tradition und verantwortungsvoller Herstellung. Sie wurden von Menschen im S\u00fcden der Welt mit Liebe und Hingabe hergestellt. Lass dich inspirieren und tu gleichzeitig etwas Gutes &#8211; f\u00fcr die Umwelt und f\u00fcr die Produzent:innen auf der ganzen Welt!<\/p>\n\n\n\n<div class=\"wp-block-buttons is-layout-flex wp-block-buttons-is-layout-flex\">\n<div class=\"wp-block-button is-style-fill\"><a class=\"wp-block-button__link wp-element-button\" href=\"https:\/\/claro-winterthur.ch\/?page_id=81\">mehr erfahren<\/a><\/div>\n<\/div>\n<\/div><\/div>\n<\/div><\/div>\n\n\n\n<div class=\"wp-block-media-text has-media-on-the-right is-stacked-on-mobile\"><div class=\"wp-block-media-text__content\">\n<h2 class=\"wp-block-heading\">\u00dcber uns<\/h2>\n\n\n\n<p>Der claro Weltladen Winterthur ist ein Verein und besteht aus Ladenteam, Vorstand und der Unterst\u00fctzung von vielen freiwilligen Helfer:innen. Unsere Mutterorganisation ist claro fair trade AG, von der wir viele unsere Produkte beziehen.<\/p>\n\n\n\n<div class=\"wp-block-buttons is-layout-flex wp-block-buttons-is-layout-flex\">\n<div class=\"wp-block-button is-style-fill\"><a class=\"wp-block-button__link wp-element-button\" href=\"https:\/\/claro-winterthur.ch\/?page_id=118\">mehr erfahren<\/a><\/div>\n<\/div>\n<\/div><figure class=\"wp-block-media-text__media\"><img loading=\"lazy\" decoding=\"async\" width=\"1024\" height=\"576\" src=\"https:\/\/claro-winterthur.ch\/wp-content\/uploads\/2025\/01\/Claro-tuere-1024x576.jpg\" alt=\"Eingang vom Claro Winterthur\" class=\"wp-image-294 size-full\" srcset=\"https:\/\/claro-winterthur.ch\/wp-content\/uploads\/2025\/01\/Claro-tuere-1024x576.jpg 1024w, https:\/\/claro-winterthur.ch\/wp-content\/uploads\/2025\/01\/Claro-tuere-300x169.jpg 300w, https:\/\/claro-winterthur.ch\/wp-content\/uploads\/2025\/01\/Claro-tuere-768x432.jpg 768w, https:\/\/claro-winterthur.ch\/wp-content\/uploads\/2025\/01\/Claro-tuere-1536x864.jpg 1536w, https:\/\/claro-winterthur.ch\/wp-content\/uploads\/2025\/01\/Claro-tuere-2048x1152.jpg 2048w\" sizes=\"auto, (max-width: 1024px) 100vw, 1024px\" \/><\/figure><\/div>\n\n\n\n<div class=\"wp-block-cover alignfull is-light\"><span aria-hidden=\"true\" class=\"wp-block-cover__background has-background-dim-100 has-background-dim\" style=\"background-color:#ffffff\"><\/span><div class=\"wp-block-cover__inner-container is-layout-flow wp-block-cover-is-layout-flow\">\n<div class=\"wp-block-media-text alignwide is-stacked-on-mobile is-vertically-aligned-top is-image-fill-element\" style=\"grid-template-columns:48% auto\"><figure class=\"wp-block-media-text__media\"><img loading=\"lazy\" decoding=\"async\" width=\"1024\" height=\"409\" src=\"https:\/\/claro-winterthur.ch\/wp-content\/uploads\/2024\/08\/cropped-winterthur-g17573fd0c_1920-1024x409.jpg\" alt=\"\" class=\"wp-image-173 size-full\" style=\"object-position:50% 50%\" srcset=\"https:\/\/claro-winterthur.ch\/wp-content\/uploads\/2024\/08\/cropped-winterthur-g17573fd0c_1920-1024x409.jpg 1024w, https:\/\/claro-winterthur.ch\/wp-content\/uploads\/2024\/08\/cropped-winterthur-g17573fd0c_1920-300x120.jpg 300w, https:\/\/claro-winterthur.ch\/wp-content\/uploads\/2024\/08\/cropped-winterthur-g17573fd0c_1920-768x307.jpg 768w, https:\/\/claro-winterthur.ch\/wp-content\/uploads\/2024\/08\/cropped-winterthur-g17573fd0c_1920-1536x614.jpg 1536w, https:\/\/claro-winterthur.ch\/wp-content\/uploads\/2024\/08\/cropped-winterthur-g17573fd0c_1920.jpg 2000w\" sizes=\"auto, (max-width: 1024px) 100vw, 1024px\" \/><\/figure><div class=\"wp-block-media-text__content\">\n<h2 class=\"wp-block-heading has-text-color\" style=\"color:#000000;font-size:clamp(20px, 1.25rem + ((1vw - 3.2px) * 0.938), 32px);\">Kontakt<\/h2>\n\n\n\n<div class=\"wp-block-columns is-layout-flex wp-container-core-columns-is-layout-28f84493 wp-block-columns-is-layout-flex\">\n<div class=\"wp-block-column is-layout-flow wp-block-column-is-layout-flow\">\n<p>claro Laden Winterthur<br>Steinberggasse 18<br>8400 Winterthur<\/p>\n\n\n\n<p>Tel. 052 212 64 01<\/p>\n\n\n\n<p>laden@claro-winterthur.ch<br>kommunikation@claro-winterthur.ch<\/p>\n<\/div>\n\n\n\n<div class=\"wp-block-column is-layout-flow wp-block-column-is-layout-flow\">\n<p><strong>Mo:<\/strong> Geschlossen<br><strong>Di:<\/strong> 08:30 \u2013 13:00, 14:00 \u2013 18:00<br><strong>Mi:<\/strong> 09:00 \u2013 13:00, 14:00 \u2013 18:00<br><strong>Do:<\/strong> 09:00 \u2013 13:00, 14:00 \u2013 18:00<br><strong>Fr:<\/strong> 08:30 \u2013 13:00, 14:00 \u2013 18:00<br><strong>Sa:<\/strong> 09:00 \u2013 16:00<br><strong>So:<\/strong> Geschlossen<\/p>\n\n\n\n<div class=\"wp-block-buttons is-layout-flex wp-block-buttons-is-layout-flex\">\n<div class=\"wp-block-button is-style-fill\"><a class=\"wp-block-button__link wp-element-button\" href=\"https:\/\/claro-winterthur.ch\/?page_id=43\">mehr erfahren<\/a><\/div>\n<\/div>\n<\/div>\n<\/div>\n<\/div><\/div>\n<\/div><\/div>\n\n\n\n<div class=\"wp-block-columns is-layout-flex wp-container-core-columns-is-layout-28f84493 wp-block-columns-is-layout-flex\">\n<div class=\"wp-block-column is-layout-flow wp-block-column-is-layout-flow\">\n<blockquote class=\"wp-block-quote is-layout-flow wp-block-quote-is-layout-flow\">\n<figure class=\"wp-block-image size-full is-resized is-style-rounded\"><img loading=\"lazy\" decoding=\"async\" width=\"725\" height=\"717\" src=\"https:\/\/claro-winterthur.ch\/wp-content\/uploads\/2025\/01\/0001Pia_Bearbeitet_Brush-e1736000668522.png\" alt=\"\" class=\"wp-image-310\" style=\"width:128px;height:auto\" srcset=\"https:\/\/claro-winterthur.ch\/wp-content\/uploads\/2025\/01\/0001Pia_Bearbeitet_Brush-e1736000668522.png 725w, https:\/\/claro-winterthur.ch\/wp-content\/uploads\/2025\/01\/0001Pia_Bearbeitet_Brush-e1736000668522-300x297.png 300w\" sizes=\"auto, (max-width: 725px) 100vw, 725px\" \/><\/figure>\n\n\n\n<p>&#8222;Es ist mir ein Anliegen, dass die ganze Wertsch\u00f6pfungskette stimmt. Sprich, dass faire L\u00f6hne m\u00f6glich sind.&#8220;<\/p>\n\n\n\n<p><em>Pia, Pr\u00e4sidentin des Vereins Claro Weltladen<\/em><\/p>\n<\/blockquote>\n<\/div>\n\n\n\n<div class=\"wp-block-column is-layout-flow wp-block-column-is-layout-flow\">\n<blockquote class=\"wp-block-quote is-layout-flow wp-block-quote-is-layout-flow\">\n<figure class=\"wp-block-image size-full is-resized is-style-rounded\"><img loading=\"lazy\" decoding=\"async\" width=\"1280\" height=\"1280\" src=\"https:\/\/claro-winterthur.ch\/wp-content\/uploads\/2025\/01\/001Sarah_bearbeitet-1.jpg\" alt=\"\" class=\"wp-image-313\" style=\"width:134px;height:auto\" srcset=\"https:\/\/claro-winterthur.ch\/wp-content\/uploads\/2025\/01\/001Sarah_bearbeitet-1.jpg 1280w, https:\/\/claro-winterthur.ch\/wp-content\/uploads\/2025\/01\/001Sarah_bearbeitet-1-300x300.jpg 300w, https:\/\/claro-winterthur.ch\/wp-content\/uploads\/2025\/01\/001Sarah_bearbeitet-1-1024x1024.jpg 1024w, https:\/\/claro-winterthur.ch\/wp-content\/uploads\/2025\/01\/001Sarah_bearbeitet-1-150x150.jpg 150w, https:\/\/claro-winterthur.ch\/wp-content\/uploads\/2025\/01\/001Sarah_bearbeitet-1-768x768.jpg 768w\" sizes=\"auto, (max-width: 1280px) 100vw, 1280px\" \/><\/figure>\n\n\n\n<p>&#8222;Ich freue mich, dass ich in einem Bereich arbeite, der so viel f\u00fcr Fairness und die Umwelt macht.&#8220;<\/p>\n\n\n\n<p><em>Sarah, Mitglied der Ladenleitung<\/em><\/p>\n<\/blockquote>\n<\/div>\n\n\n\n<div class=\"wp-block-column is-layout-flow wp-block-column-is-layout-flow\">\n<blockquote class=\"wp-block-quote is-layout-flow wp-block-quote-is-layout-flow\">\n<figure class=\"wp-block-image size-full is-resized is-style-rounded\"><img loading=\"lazy\" decoding=\"async\" width=\"560\" height=\"557\" src=\"https:\/\/claro-winterthur.ch\/wp-content\/uploads\/2025\/01\/photo_2022-05-27_11-25-40-e1736006263428.jpg\" alt=\"\" class=\"wp-image-317\" style=\"width:136px;height:auto\" srcset=\"https:\/\/claro-winterthur.ch\/wp-content\/uploads\/2025\/01\/photo_2022-05-27_11-25-40-e1736006263428.jpg 560w, https:\/\/claro-winterthur.ch\/wp-content\/uploads\/2025\/01\/photo_2022-05-27_11-25-40-e1736006263428-300x298.jpg 300w, https:\/\/claro-winterthur.ch\/wp-content\/uploads\/2025\/01\/photo_2022-05-27_11-25-40-e1736006263428-150x150.jpg 150w\" sizes=\"auto, (max-width: 560px) 100vw, 560px\" \/><\/figure>\n\n\n\n<p>&#8222;Claro steht f\u00fcr fairen Handel. Es motiviert mich als freiwillige Mitarbeiterin diesen Handel zu unterst\u00fctzen. Bei uns ist der Kunde K\u00f6nig und wird ernstgenommen.&#8220;<\/p>\n\n\n\n<p><em>Esther, freiwillige Mitarbeiterin<\/em><\/p>\n<\/blockquote>\n<\/div>\n<\/div>\n\n\n\n<div class=\"wp-block-group alignfull is-content-justification-center is-layout-constrained wp-container-core-group-is-layout-df757ecc wp-block-group-is-layout-constrained\" style=\"margin-top:0;margin-bottom:0;padding-top:calc( 0.5 * var(--wp--style--root--padding-right, var(--wp--custom--gap--horizontal)));padding-right:var(--wp--style--root--padding-right, var(--wp--custom--gap--horizontal));padding-bottom:calc( 0.5 * var(--wp--style--root--padding-right, var(--wp--custom--gap--horizontal)));padding-left:var(--wp--style--root--padding-left, var(--wp--custom--gap--horizontal))\">\n<div style=\"height:var(--wp--preset--spacing--40)\" aria-hidden=\"true\" class=\"wp-block-spacer\"><\/div>\n<\/div>\n","protected":false},"excerpt":{"rendered":"<p>Bei claro Winterthur legen wir grossen Wert auf die h\u00f6chsten Qualit\u00e4tsstandards. Unsere Produkte werden sorgf\u00e4ltig ausgew\u00e4hlt und unter strengen Kontrollen hergestellt, um sicherzustellen, dass sie den Erwartungen unserer Kund:innen gerecht werden. Fairness ist das Herzst\u00fcck unserer Unternehmensphilosophie \u2013 wir setzen uns f\u00fcr gerechte Arbeitsbedingungen und eine faire Entlohnung aller Beteiligten entlang unserer Lieferkette ein. Nachhaltigkeit [&hellip;]<\/p>\n","protected":false},"author":1,"featured_media":0,"parent":0,"menu_order":0,"comment_status":"closed","ping_status":"open","template":"","meta":{"footnotes":""},"class_list":["post-9","page","type-page","status-publish","hentry"],"blocksy_meta":[],"yoast_head":"<!-- This site is optimized with the Yoast SEO plugin v27.0 - https:\/\/yoast.com\/product\/yoast-seo-wordpress\/ -->\n<title>Home - Claro Weltladen Winterthur<\/title>\n<meta name=\"robots\" content=\"index, follow, max-snippet:-1, max-image-preview:large, max-video-preview:-1\" \/>\n<link rel=\"canonical\" href=\"https:\/\/claro-winterthur.ch\/\" \/>\n<meta property=\"og:locale\" content=\"de_DE\" \/>\n<meta property=\"og:type\" content=\"article\" \/>\n<meta property=\"og:title\" content=\"Home - Claro Weltladen Winterthur\" \/>\n<meta property=\"og:description\" content=\"Bei claro Winterthur legen wir grossen Wert auf die h\u00f6chsten Qualit\u00e4tsstandards. Unsere Produkte werden sorgf\u00e4ltig ausgew\u00e4hlt und unter strengen Kontrollen hergestellt, um sicherzustellen, dass sie den Erwartungen unserer Kund:innen gerecht werden. Fairness ist das Herzst\u00fcck unserer Unternehmensphilosophie \u2013 wir setzen uns f\u00fcr gerechte Arbeitsbedingungen und eine faire Entlohnung aller Beteiligten entlang unserer Lieferkette ein. Nachhaltigkeit [&hellip;]\" \/>\n<meta property=\"og:url\" content=\"https:\/\/claro-winterthur.ch\/\" \/>\n<meta property=\"og:site_name\" content=\"Claro Weltladen Winterthur\" \/>\n<meta property=\"article:modified_time\" content=\"2026-04-08T07:43:44+00:00\" \/>\n<meta property=\"og:image\" content=\"https:\/\/claro-winterthur.ch\/wp-content\/uploads\/2025\/01\/Banner.jpg\" \/>\n\t<meta property=\"og:image:width\" content=\"1876\" \/>\n\t<meta property=\"og:image:height\" content=\"692\" \/>\n\t<meta property=\"og:image:type\" content=\"image\/jpeg\" \/>\n<meta name=\"twitter:card\" content=\"summary_large_image\" \/>\n<meta name=\"twitter:label1\" content=\"Gesch\u00e4tzte Lesezeit\" \/>\n\t<meta name=\"twitter:data1\" content=\"3\u00a0Minuten\" \/>\n<script type=\"application\/ld+json\" class=\"yoast-schema-graph\">{\"@context\":\"https:\/\/schema.org\",\"@graph\":[{\"@type\":\"WebPage\",\"@id\":\"https:\/\/claro-winterthur.ch\/\",\"url\":\"https:\/\/claro-winterthur.ch\/\",\"name\":\"Home - Claro Weltladen Winterthur\",\"isPartOf\":{\"@id\":\"https:\/\/claro-winterthur.ch\/#website\"},\"primaryImageOfPage\":{\"@id\":\"https:\/\/claro-winterthur.ch\/#primaryimage\"},\"image\":{\"@id\":\"https:\/\/claro-winterthur.ch\/#primaryimage\"},\"thumbnailUrl\":\"https:\/\/claro-winterthur.ch\/wp-content\/uploads\/2025\/01\/Banner-1024x378.jpg\",\"datePublished\":\"2024-08-08T12:46:51+00:00\",\"dateModified\":\"2026-04-08T07:43:44+00:00\",\"breadcrumb\":{\"@id\":\"https:\/\/claro-winterthur.ch\/#breadcrumb\"},\"inLanguage\":\"de\",\"potentialAction\":[{\"@type\":\"ReadAction\",\"target\":[\"https:\/\/claro-winterthur.ch\/\"]}]},{\"@type\":\"ImageObject\",\"inLanguage\":\"de\",\"@id\":\"https:\/\/claro-winterthur.ch\/#primaryimage\",\"url\":\"https:\/\/claro-winterthur.ch\/wp-content\/uploads\/2025\/01\/Banner.jpg\",\"contentUrl\":\"https:\/\/claro-winterthur.ch\/wp-content\/uploads\/2025\/01\/Banner.jpg\",\"width\":1876,\"height\":692},{\"@type\":\"BreadcrumbList\",\"@id\":\"https:\/\/claro-winterthur.ch\/#breadcrumb\",\"itemListElement\":[{\"@type\":\"ListItem\",\"position\":1,\"name\":\"Startseite\",\"item\":\"https:\/\/claro-winterthur.ch\/\"},{\"@type\":\"ListItem\",\"position\":2,\"name\":\"Home\"}]},{\"@type\":\"WebSite\",\"@id\":\"https:\/\/claro-winterthur.ch\/#website\",\"url\":\"https:\/\/claro-winterthur.ch\/\",\"name\":\"Claro Weltladen Winterthur\",\"description\":\"Willkommen beim claro fair trade Winterthur. Das fair trade Gesch\u00e4ft in deiner N\u00e4he.\",\"publisher\":{\"@id\":\"https:\/\/claro-winterthur.ch\/#organization\"},\"potentialAction\":[{\"@type\":\"SearchAction\",\"target\":{\"@type\":\"EntryPoint\",\"urlTemplate\":\"https:\/\/claro-winterthur.ch\/?s={search_term_string}\"},\"query-input\":{\"@type\":\"PropertyValueSpecification\",\"valueRequired\":true,\"valueName\":\"search_term_string\"}}],\"inLanguage\":\"de\"},{\"@type\":\"Organization\",\"@id\":\"https:\/\/claro-winterthur.ch\/#organization\",\"name\":\"Claro Weltladen Winterthur\",\"url\":\"https:\/\/claro-winterthur.ch\/\",\"logo\":{\"@type\":\"ImageObject\",\"inLanguage\":\"de\",\"@id\":\"https:\/\/claro-winterthur.ch\/#\/schema\/logo\/image\/\",\"url\":\"https:\/\/claro-winterthur.ch\/wp-content\/uploads\/2024\/08\/logo_webseite_neu.png\",\"contentUrl\":\"https:\/\/claro-winterthur.ch\/wp-content\/uploads\/2024\/08\/logo_webseite_neu.png\",\"width\":172,\"height\":70,\"caption\":\"Claro Weltladen Winterthur\"},\"image\":{\"@id\":\"https:\/\/claro-winterthur.ch\/#\/schema\/logo\/image\/\"}}]}<\/script>\n<!-- \/ Yoast SEO plugin. -->","yoast_head_json":{"title":"Home - Claro Weltladen Winterthur","robots":{"index":"index","follow":"follow","max-snippet":"max-snippet:-1","max-image-preview":"max-image-preview:large","max-video-preview":"max-video-preview:-1"},"canonical":"https:\/\/claro-winterthur.ch\/","og_locale":"de_DE","og_type":"article","og_title":"Home - Claro Weltladen Winterthur","og_description":"Bei claro Winterthur legen wir grossen Wert auf die h\u00f6chsten Qualit\u00e4tsstandards. Unsere Produkte werden sorgf\u00e4ltig ausgew\u00e4hlt und unter strengen Kontrollen hergestellt, um sicherzustellen, dass sie den Erwartungen unserer Kund:innen gerecht werden. Fairness ist das Herzst\u00fcck unserer Unternehmensphilosophie \u2013 wir setzen uns f\u00fcr gerechte Arbeitsbedingungen und eine faire Entlohnung aller Beteiligten entlang unserer Lieferkette ein. Nachhaltigkeit [&hellip;]","og_url":"https:\/\/claro-winterthur.ch\/","og_site_name":"Claro Weltladen Winterthur","article_modified_time":"2026-04-08T07:43:44+00:00","og_image":[{"width":1876,"height":692,"url":"https:\/\/claro-winterthur.ch\/wp-content\/uploads\/2025\/01\/Banner.jpg","type":"image\/jpeg"}],"twitter_card":"summary_large_image","twitter_misc":{"Gesch\u00e4tzte Lesezeit":"3\u00a0Minuten"},"schema":{"@context":"https:\/\/schema.org","@graph":[{"@type":"WebPage","@id":"https:\/\/claro-winterthur.ch\/","url":"https:\/\/claro-winterthur.ch\/","name":"Home - Claro Weltladen Winterthur","isPartOf":{"@id":"https:\/\/claro-winterthur.ch\/#website"},"primaryImageOfPage":{"@id":"https:\/\/claro-winterthur.ch\/#primaryimage"},"image":{"@id":"https:\/\/claro-winterthur.ch\/#primaryimage"},"thumbnailUrl":"https:\/\/claro-winterthur.ch\/wp-content\/uploads\/2025\/01\/Banner-1024x378.jpg","datePublished":"2024-08-08T12:46:51+00:00","dateModified":"2026-04-08T07:43:44+00:00","breadcrumb":{"@id":"https:\/\/claro-winterthur.ch\/#breadcrumb"},"inLanguage":"de","potentialAction":[{"@type":"ReadAction","target":["https:\/\/claro-winterthur.ch\/"]}]},{"@type":"ImageObject","inLanguage":"de","@id":"https:\/\/claro-winterthur.ch\/#primaryimage","url":"https:\/\/claro-winterthur.ch\/wp-content\/uploads\/2025\/01\/Banner.jpg","contentUrl":"https:\/\/claro-winterthur.ch\/wp-content\/uploads\/2025\/01\/Banner.jpg","width":1876,"height":692},{"@type":"BreadcrumbList","@id":"https:\/\/claro-winterthur.ch\/#breadcrumb","itemListElement":[{"@type":"ListItem","position":1,"name":"Startseite","item":"https:\/\/claro-winterthur.ch\/"},{"@type":"ListItem","position":2,"name":"Home"}]},{"@type":"WebSite","@id":"https:\/\/claro-winterthur.ch\/#website","url":"https:\/\/claro-winterthur.ch\/","name":"Claro Weltladen Winterthur","description":"Willkommen beim claro fair trade Winterthur. Das fair trade Gesch\u00e4ft in deiner N\u00e4he.","publisher":{"@id":"https:\/\/claro-winterthur.ch\/#organization"},"potentialAction":[{"@type":"SearchAction","target":{"@type":"EntryPoint","urlTemplate":"https:\/\/claro-winterthur.ch\/?s={search_term_string}"},"query-input":{"@type":"PropertyValueSpecification","valueRequired":true,"valueName":"search_term_string"}}],"inLanguage":"de"},{"@type":"Organization","@id":"https:\/\/claro-winterthur.ch\/#organization","name":"Claro Weltladen Winterthur","url":"https:\/\/claro-winterthur.ch\/","logo":{"@type":"ImageObject","inLanguage":"de","@id":"https:\/\/claro-winterthur.ch\/#\/schema\/logo\/image\/","url":"https:\/\/claro-winterthur.ch\/wp-content\/uploads\/2024\/08\/logo_webseite_neu.png","contentUrl":"https:\/\/claro-winterthur.ch\/wp-content\/uploads\/2024\/08\/logo_webseite_neu.png","width":172,"height":70,"caption":"Claro Weltladen Winterthur"},"image":{"@id":"https:\/\/claro-winterthur.ch\/#\/schema\/logo\/image\/"}}]}},"_links":{"self":[{"href":"https:\/\/claro-winterthur.ch\/index.php?rest_route=\/wp\/v2\/pages\/9","targetHints":{"allow":["GET"]}}],"collection":[{"href":"https:\/\/claro-winterthur.ch\/index.php?rest_route=\/wp\/v2\/pages"}],"about":[{"href":"https:\/\/claro-winterthur.ch\/index.php?rest_route=\/wp\/v2\/types\/page"}],"author":[{"embeddable":true,"href":"https:\/\/claro-winterthur.ch\/index.php?rest_route=\/wp\/v2\/users\/1"}],"replies":[{"embeddable":true,"href":"https:\/\/claro-winterthur.ch\/index.php?rest_route=%2Fwp%2Fv2%2Fcomments&post=9"}],"version-history":[{"count":46,"href":"https:\/\/claro-winterthur.ch\/index.php?rest_route=\/wp\/v2\/pages\/9\/revisions"}],"predecessor-version":[{"id":529,"href":"https:\/\/claro-winterthur.ch\/index.php?rest_route=\/wp\/v2\/pages\/9\/revisions\/529"}],"wp:attachment":[{"href":"https:\/\/claro-winterthur.ch\/index.php?rest_route=%2Fwp%2Fv2%2Fmedia&parent=9"}],"curies":[{"name":"wp","href":"https:\/\/api.w.org\/{rel}","templated":true}]}}