{"id":43,"date":"2024-08-10T15:22:44","date_gmt":"2024-08-10T13:22:44","guid":{"rendered":"https:\/\/leandrawildhaber.wordpress.com\/?page_id=43"},"modified":"2026-04-19T10:23:16","modified_gmt":"2026-04-19T10:23:16","slug":"kontaktseite-mit-karte-und-kontaktformular","status":"publish","type":"page","link":"https:\/\/claro-winterthur.ch\/?page_id=43","title":{"rendered":"Kontakt"},"content":{"rendered":"\n<figure class=\"wp-block-image alignfull size-large\"><img loading=\"lazy\" decoding=\"async\" width=\"1024\" height=\"201\" src=\"https:\/\/claro-winterthur.ch\/wp-content\/uploads\/2026\/04\/luna4-winterthur-2890112-1-2-scaled-e1776594007438-1024x201.jpg\" alt=\"\" class=\"wp-image-568\" srcset=\"https:\/\/claro-winterthur.ch\/wp-content\/uploads\/2026\/04\/luna4-winterthur-2890112-1-2-scaled-e1776594007438-1024x201.jpg 1024w, https:\/\/claro-winterthur.ch\/wp-content\/uploads\/2026\/04\/luna4-winterthur-2890112-1-2-scaled-e1776594007438-300x59.jpg 300w, https:\/\/claro-winterthur.ch\/wp-content\/uploads\/2026\/04\/luna4-winterthur-2890112-1-2-scaled-e1776594007438-768x151.jpg 768w, https:\/\/claro-winterthur.ch\/wp-content\/uploads\/2026\/04\/luna4-winterthur-2890112-1-2-scaled-e1776594007438-1536x301.jpg 1536w, https:\/\/claro-winterthur.ch\/wp-content\/uploads\/2026\/04\/luna4-winterthur-2890112-1-2-scaled-e1776594007438-2048x402.jpg 2048w\" sizes=\"auto, (max-width: 1024px) 100vw, 1024px\" \/><\/figure>\n\n\n\n<p>Wir freuen uns, dass du dich f\u00fcr unseren Fairtrade-Laden interessierst! Besuche uns unter folgender Adresse und erlebe die Vielfalt unserer fair gehandelten Produkte hautnah. Unser engagiertes Team steht dir jederzeit f\u00fcr Fragen und Beratung zur Verf\u00fcgung.<\/p>\n\n\n\n<div class=\"wp-block-group is-layout-constrained wp-block-group-is-layout-constrained\">\n<div class=\"wp-block-columns is-layout-flex wp-container-core-columns-is-layout-28f84493 wp-block-columns-is-layout-flex\">\n<div class=\"wp-block-column is-layout-flow wp-block-column-is-layout-flow\">\n<h2 class=\"wp-block-heading\">Pers\u00f6nlich und nah<\/h2>\n\n\n\n<p>claro Laden Winterthur<br>Steinberggasse 18<br>8400 Winterthur<\/p>\n\n\n\n<p>Tel. 052 212 64 01<\/p>\n\n\n\n<p>laden@claro-winterthur.ch<br>kommunikation@claro-winterthur.ch<\/p>\n<\/div>\n\n\n\n<div class=\"wp-block-column is-layout-flow wp-block-column-is-layout-flow\">\n<h2 class=\"wp-block-heading\">in der Altstadt f\u00fcr dich da<\/h2>\n\n\n\n<p><strong>Mo:<\/strong> Geschlossen<br><strong>Di:<\/strong> 08:30 &#8211; 13:00, 14:00 &#8211; 18:00<br><strong>Mi:<\/strong> 09:00 &#8211; 13:00, 14:00 &#8211; 18:00<br><strong>Do:<\/strong> 09:00 &#8211; 13:00, 14:00 &#8211; 18:00<br><strong>Fr:<\/strong> 08:30 &#8211; 13:00, 14:00 &#8211; 18:00<br><strong>Sa:<\/strong> 09:09 &#8211; 16:00<br><strong>So:<\/strong> Geschlossen<\/p>\n<\/div>\n<\/div>\n<\/div>\n\n\n\n<div class=\"wp-block-columns is-layout-flex wp-container-core-columns-is-layout-28f84493 wp-block-columns-is-layout-flex\">\n<div class=\"wp-block-column is-layout-flow wp-block-column-is-layout-flow\" style=\"flex-basis:50%\">\n<iframe src=\"https:\/\/www.google.com\/maps\/embed?pb=!1m18!1m12!1m3!1d2695.5597829459375!2d8.726514076813906!3d47.49848859543625!2m3!1f0!2f0!3f0!3m2!1i1024!2i768!4f13.1!3m3!1m2!1s0x479a999d0e901cf5%3A0x4413f7ad3d07d642!2sClaro%20Weltladen!5e0!3m2!1sde!2sch!4v1735914741258!5m2!1sde!2sch\" width=\"600\" height=\"450\" style=\"border:0;\" allowfullscreen=\"\" loading=\"lazy\" referrerpolicy=\"no-referrer-when-downgrade\"><\/iframe>\n<\/div>\n<\/div>\n","protected":false},"excerpt":{"rendered":"<p>Wir freuen uns, dass du dich f\u00fcr unseren Fairtrade-Laden interessierst! Besuche uns unter folgender Adresse und erlebe die Vielfalt unserer fair gehandelten Produkte hautnah. Unser engagiertes Team steht dir jederzeit f\u00fcr Fragen und Beratung zur Verf\u00fcgung. Pers\u00f6nlich und nah claro Laden WinterthurSteinberggasse 188400 Winterthur Tel. 052 212 64 01 laden@claro-winterthur.chkommunikation@claro-winterthur.ch in der Altstadt f\u00fcr dich [&hellip;]<\/p>\n","protected":false},"author":1,"featured_media":0,"parent":0,"menu_order":0,"comment_status":"closed","ping_status":"closed","template":"","meta":{"footnotes":""},"class_list":["post-43","page","type-page","status-publish","hentry"],"blocksy_meta":[],"yoast_head":"<!-- This site is optimized with the Yoast SEO plugin v27.4 - https:\/\/yoast.com\/product\/yoast-seo-wordpress\/ -->\n<title>Kontakt - Claro Weltladen Winterthur<\/title>\n<meta name=\"robots\" content=\"index, follow, max-snippet:-1, max-image-preview:large, max-video-preview:-1\" \/>\n<link rel=\"canonical\" href=\"https:\/\/claro-winterthur.ch\/?page_id=43\" \/>\n<meta property=\"og:locale\" content=\"de_DE\" \/>\n<meta property=\"og:type\" content=\"article\" \/>\n<meta property=\"og:title\" content=\"Kontakt - Claro Weltladen Winterthur\" \/>\n<meta property=\"og:description\" content=\"Wir freuen uns, dass du dich f\u00fcr unseren Fairtrade-Laden interessierst! Besuche uns unter folgender Adresse und erlebe die Vielfalt unserer fair gehandelten Produkte hautnah. Unser engagiertes Team steht dir jederzeit f\u00fcr Fragen und Beratung zur Verf\u00fcgung. Pers\u00f6nlich und nah claro Laden WinterthurSteinberggasse 188400 Winterthur Tel. 052 212 64 01 laden@claro-winterthur.chkommunikation@claro-winterthur.ch in der Altstadt f\u00fcr dich [&hellip;]\" \/>\n<meta property=\"og:url\" content=\"https:\/\/claro-winterthur.ch\/?page_id=43\" \/>\n<meta property=\"og:site_name\" content=\"Claro Weltladen Winterthur\" \/>\n<meta property=\"article:modified_time\" content=\"2026-04-19T10:23:16+00:00\" \/>\n<meta property=\"og:image\" content=\"https:\/\/claro-winterthur.ch\/wp-content\/uploads\/2026\/04\/luna4-winterthur-2890112-1-2-scaled-e1776594007438.jpg\" \/>\n\t<meta property=\"og:image:width\" content=\"2550\" \/>\n\t<meta property=\"og:image:height\" content=\"500\" \/>\n\t<meta property=\"og:image:type\" content=\"image\/jpeg\" \/>\n<meta name=\"twitter:card\" content=\"summary_large_image\" \/>\n<meta name=\"twitter:label1\" content=\"Gesch\u00e4tzte Lesezeit\" \/>\n\t<meta name=\"twitter:data1\" content=\"1\u00a0Minute\" \/>\n<script type=\"application\/ld+json\" class=\"yoast-schema-graph\">{\"@context\":\"https:\\\/\\\/schema.org\",\"@graph\":[{\"@type\":\"WebPage\",\"@id\":\"https:\\\/\\\/claro-winterthur.ch\\\/?page_id=43\",\"url\":\"https:\\\/\\\/claro-winterthur.ch\\\/?page_id=43\",\"name\":\"Kontakt - Claro Weltladen Winterthur\",\"isPartOf\":{\"@id\":\"https:\\\/\\\/claro-winterthur.ch\\\/#website\"},\"primaryImageOfPage\":{\"@id\":\"https:\\\/\\\/claro-winterthur.ch\\\/?page_id=43#primaryimage\"},\"image\":{\"@id\":\"https:\\\/\\\/claro-winterthur.ch\\\/?page_id=43#primaryimage\"},\"thumbnailUrl\":\"https:\\\/\\\/claro-winterthur.ch\\\/wp-content\\\/uploads\\\/2026\\\/04\\\/luna4-winterthur-2890112-1-2-scaled-e1776594007438-1024x201.jpg\",\"datePublished\":\"2024-08-10T13:22:44+00:00\",\"dateModified\":\"2026-04-19T10:23:16+00:00\",\"breadcrumb\":{\"@id\":\"https:\\\/\\\/claro-winterthur.ch\\\/?page_id=43#breadcrumb\"},\"inLanguage\":\"de\",\"potentialAction\":[{\"@type\":\"ReadAction\",\"target\":[\"https:\\\/\\\/claro-winterthur.ch\\\/?page_id=43\"]}]},{\"@type\":\"ImageObject\",\"inLanguage\":\"de\",\"@id\":\"https:\\\/\\\/claro-winterthur.ch\\\/?page_id=43#primaryimage\",\"url\":\"https:\\\/\\\/claro-winterthur.ch\\\/wp-content\\\/uploads\\\/2026\\\/04\\\/luna4-winterthur-2890112-1-2-scaled-e1776594007438.jpg\",\"contentUrl\":\"https:\\\/\\\/claro-winterthur.ch\\\/wp-content\\\/uploads\\\/2026\\\/04\\\/luna4-winterthur-2890112-1-2-scaled-e1776594007438.jpg\",\"width\":2550,\"height\":500},{\"@type\":\"BreadcrumbList\",\"@id\":\"https:\\\/\\\/claro-winterthur.ch\\\/?page_id=43#breadcrumb\",\"itemListElement\":[{\"@type\":\"ListItem\",\"position\":1,\"name\":\"Startseite\",\"item\":\"https:\\\/\\\/claro-winterthur.ch\\\/\"},{\"@type\":\"ListItem\",\"position\":2,\"name\":\"Kontakt\"}]},{\"@type\":\"WebSite\",\"@id\":\"https:\\\/\\\/claro-winterthur.ch\\\/#website\",\"url\":\"https:\\\/\\\/claro-winterthur.ch\\\/\",\"name\":\"Claro Weltladen Winterthur\",\"description\":\"Willkommen beim claro fair trade Winterthur. Das fair trade Gesch\u00e4ft in deiner N\u00e4he.\",\"publisher\":{\"@id\":\"https:\\\/\\\/claro-winterthur.ch\\\/#organization\"},\"potentialAction\":[{\"@type\":\"SearchAction\",\"target\":{\"@type\":\"EntryPoint\",\"urlTemplate\":\"https:\\\/\\\/claro-winterthur.ch\\\/?s={search_term_string}\"},\"query-input\":{\"@type\":\"PropertyValueSpecification\",\"valueRequired\":true,\"valueName\":\"search_term_string\"}}],\"inLanguage\":\"de\"},{\"@type\":\"Organization\",\"@id\":\"https:\\\/\\\/claro-winterthur.ch\\\/#organization\",\"name\":\"Claro Weltladen Winterthur\",\"url\":\"https:\\\/\\\/claro-winterthur.ch\\\/\",\"logo\":{\"@type\":\"ImageObject\",\"inLanguage\":\"de\",\"@id\":\"https:\\\/\\\/claro-winterthur.ch\\\/#\\\/schema\\\/logo\\\/image\\\/\",\"url\":\"https:\\\/\\\/claro-winterthur.ch\\\/wp-content\\\/uploads\\\/2026\\\/04\\\/Claro_Logo-und-Far-Siegel_RGB.jpg\",\"contentUrl\":\"https:\\\/\\\/claro-winterthur.ch\\\/wp-content\\\/uploads\\\/2026\\\/04\\\/Claro_Logo-und-Far-Siegel_RGB.jpg\",\"width\":693,\"height\":223,\"caption\":\"Claro Weltladen Winterthur\"},\"image\":{\"@id\":\"https:\\\/\\\/claro-winterthur.ch\\\/#\\\/schema\\\/logo\\\/image\\\/\"}}]}<\/script>\n<!-- \/ Yoast SEO plugin. -->","yoast_head_json":{"title":"Kontakt - Claro Weltladen Winterthur","robots":{"index":"index","follow":"follow","max-snippet":"max-snippet:-1","max-image-preview":"max-image-preview:large","max-video-preview":"max-video-preview:-1"},"canonical":"https:\/\/claro-winterthur.ch\/?page_id=43","og_locale":"de_DE","og_type":"article","og_title":"Kontakt - Claro Weltladen Winterthur","og_description":"Wir freuen uns, dass du dich f\u00fcr unseren Fairtrade-Laden interessierst! Besuche uns unter folgender Adresse und erlebe die Vielfalt unserer fair gehandelten Produkte hautnah. Unser engagiertes Team steht dir jederzeit f\u00fcr Fragen und Beratung zur Verf\u00fcgung. Pers\u00f6nlich und nah claro Laden WinterthurSteinberggasse 188400 Winterthur Tel. 052 212 64 01 laden@claro-winterthur.chkommunikation@claro-winterthur.ch in der Altstadt f\u00fcr dich [&hellip;]","og_url":"https:\/\/claro-winterthur.ch\/?page_id=43","og_site_name":"Claro Weltladen Winterthur","article_modified_time":"2026-04-19T10:23:16+00:00","og_image":[{"width":2550,"height":500,"url":"https:\/\/claro-winterthur.ch\/wp-content\/uploads\/2026\/04\/luna4-winterthur-2890112-1-2-scaled-e1776594007438.jpg","type":"image\/jpeg"}],"twitter_card":"summary_large_image","twitter_misc":{"Gesch\u00e4tzte Lesezeit":"1\u00a0Minute"},"schema":{"@context":"https:\/\/schema.org","@graph":[{"@type":"WebPage","@id":"https:\/\/claro-winterthur.ch\/?page_id=43","url":"https:\/\/claro-winterthur.ch\/?page_id=43","name":"Kontakt - Claro Weltladen Winterthur","isPartOf":{"@id":"https:\/\/claro-winterthur.ch\/#website"},"primaryImageOfPage":{"@id":"https:\/\/claro-winterthur.ch\/?page_id=43#primaryimage"},"image":{"@id":"https:\/\/claro-winterthur.ch\/?page_id=43#primaryimage"},"thumbnailUrl":"https:\/\/claro-winterthur.ch\/wp-content\/uploads\/2026\/04\/luna4-winterthur-2890112-1-2-scaled-e1776594007438-1024x201.jpg","datePublished":"2024-08-10T13:22:44+00:00","dateModified":"2026-04-19T10:23:16+00:00","breadcrumb":{"@id":"https:\/\/claro-winterthur.ch\/?page_id=43#breadcrumb"},"inLanguage":"de","potentialAction":[{"@type":"ReadAction","target":["https:\/\/claro-winterthur.ch\/?page_id=43"]}]},{"@type":"ImageObject","inLanguage":"de","@id":"https:\/\/claro-winterthur.ch\/?page_id=43#primaryimage","url":"https:\/\/claro-winterthur.ch\/wp-content\/uploads\/2026\/04\/luna4-winterthur-2890112-1-2-scaled-e1776594007438.jpg","contentUrl":"https:\/\/claro-winterthur.ch\/wp-content\/uploads\/2026\/04\/luna4-winterthur-2890112-1-2-scaled-e1776594007438.jpg","width":2550,"height":500},{"@type":"BreadcrumbList","@id":"https:\/\/claro-winterthur.ch\/?page_id=43#breadcrumb","itemListElement":[{"@type":"ListItem","position":1,"name":"Startseite","item":"https:\/\/claro-winterthur.ch\/"},{"@type":"ListItem","position":2,"name":"Kontakt"}]},{"@type":"WebSite","@id":"https:\/\/claro-winterthur.ch\/#website","url":"https:\/\/claro-winterthur.ch\/","name":"Claro Weltladen Winterthur","description":"Willkommen beim claro fair trade Winterthur. Das fair trade Gesch\u00e4ft in deiner N\u00e4he.","publisher":{"@id":"https:\/\/claro-winterthur.ch\/#organization"},"potentialAction":[{"@type":"SearchAction","target":{"@type":"EntryPoint","urlTemplate":"https:\/\/claro-winterthur.ch\/?s={search_term_string}"},"query-input":{"@type":"PropertyValueSpecification","valueRequired":true,"valueName":"search_term_string"}}],"inLanguage":"de"},{"@type":"Organization","@id":"https:\/\/claro-winterthur.ch\/#organization","name":"Claro Weltladen Winterthur","url":"https:\/\/claro-winterthur.ch\/","logo":{"@type":"ImageObject","inLanguage":"de","@id":"https:\/\/claro-winterthur.ch\/#\/schema\/logo\/image\/","url":"https:\/\/claro-winterthur.ch\/wp-content\/uploads\/2026\/04\/Claro_Logo-und-Far-Siegel_RGB.jpg","contentUrl":"https:\/\/claro-winterthur.ch\/wp-content\/uploads\/2026\/04\/Claro_Logo-und-Far-Siegel_RGB.jpg","width":693,"height":223,"caption":"Claro Weltladen Winterthur"},"image":{"@id":"https:\/\/claro-winterthur.ch\/#\/schema\/logo\/image\/"}}]}},"_links":{"self":[{"href":"https:\/\/claro-winterthur.ch\/index.php?rest_route=\/wp\/v2\/pages\/43","targetHints":{"allow":["GET"]}}],"collection":[{"href":"https:\/\/claro-winterthur.ch\/index.php?rest_route=\/wp\/v2\/pages"}],"about":[{"href":"https:\/\/claro-winterthur.ch\/index.php?rest_route=\/wp\/v2\/types\/page"}],"author":[{"embeddable":true,"href":"https:\/\/claro-winterthur.ch\/index.php?rest_route=\/wp\/v2\/users\/1"}],"replies":[{"embeddable":true,"href":"https:\/\/claro-winterthur.ch\/index.php?rest_route=%2Fwp%2Fv2%2Fcomments&post=43"}],"version-history":[{"count":22,"href":"https:\/\/claro-winterthur.ch\/index.php?rest_route=\/wp\/v2\/pages\/43\/revisions"}],"predecessor-version":[{"id":570,"href":"https:\/\/claro-winterthur.ch\/index.php?rest_route=\/wp\/v2\/pages\/43\/revisions\/570"}],"wp:attachment":[{"href":"https:\/\/claro-winterthur.ch\/index.php?rest_route=%2Fwp%2Fv2%2Fmedia&parent=43"}],"curies":[{"name":"wp","href":"https:\/\/api.w.org\/{rel}","templated":true}]}}